{"id":2660,"date":"2022-01-24T14:59:36","date_gmt":"2022-01-24T13:59:36","guid":{"rendered":"https:\/\/afc-academy.com\/geldwaschepravention-im-immobiliensektor-trainingskurs-jetzt-zertifizieren-lassen\/"},"modified":"2022-01-24T14:59:37","modified_gmt":"2022-01-24T13:59:37","slug":"geldwaschepravention-im-immobiliensektor-trainingskurs-jetzt-zertifizieren-lassen","status":"publish","type":"page","link":"https:\/\/afc-academy.com\/de\/geldwaschepravention-im-immobiliensektor-trainingskurs-jetzt-zertifizieren-lassen\/","title":{"rendered":"Geldw\u00e4schepr\u00e4vention Im Immobiliensektor Trainingskurs &#8211; jetzt zertifizieren lassen"},"content":{"rendered":"\n<div class=\"wp-block-coblocks-row alignfull coblocks-row-8913538100\" data-columns=\"1\" data-layout=\"100\"><div class=\"wp-block-coblocks-row__inner has-no-padding has-no-margin is-stacked-on-mobile has-medium-gutter\">\n<div class=\"wp-block-coblocks-column coblocks-column-8913552629\" style=\"width:100%\"><div class=\"wp-block-coblocks-column__inner has-no-padding has-no-margin\">\n<div class=\"wp-block-cover alignfull has-background-dim-40 has-background-dim tw-stretched-link tw-hover-opacity\"><img loading=\"lazy\" decoding=\"async\" width=\"2560\" height=\"1920\" sizes=\"auto, (max-width: 799px) 200vw,(max-width: 2560px) 100vw,2560px\" class=\"wp-block-cover__image-background wp-image-2561\" alt=\"\" src=\"https:\/\/afc-academy.com\/wp-content\/uploads\/2021\/09\/Real-Estate-scaled.jpg\" data-object-fit=\"cover\" srcset=\"https:\/\/afc-academy.com\/wp-content\/uploads\/2021\/09\/Real-Estate-scaled.jpg 2560w, https:\/\/afc-academy.com\/wp-content\/uploads\/2021\/09\/Real-Estate-300x225.jpg 300w, https:\/\/afc-academy.com\/wp-content\/uploads\/2021\/09\/Real-Estate-1024x768.jpg 1024w, https:\/\/afc-academy.com\/wp-content\/uploads\/2021\/09\/Real-Estate-768x576.jpg 768w, https:\/\/afc-academy.com\/wp-content\/uploads\/2021\/09\/Real-Estate-1536x1152.jpg 1536w, https:\/\/afc-academy.com\/wp-content\/uploads\/2021\/09\/Real-Estate-2048x1536.jpg 2048w, https:\/\/afc-academy.com\/wp-content\/uploads\/2021\/09\/Real-Estate-1568x1176.jpg 1568w\" \/><div class=\"wp-block-cover__inner-container is-layout-flow wp-block-cover-is-layout-flow\">\n<h2 class=\"wp-block-heading\">GELDW\u00c4SCHEPR\u00c4VENTION IM IMMOBILIENSEKTOR TRAININGSKURS<\/h2>\n\n\n\n<p>Die Geldw\u00e4schebek\u00e4mpfung im Immobiliensektor ist besonders wichtig f\u00fcr Immobilienmakler, Bautr\u00e4ger, Rechtsanw\u00e4lte und Notare. Die Immobilienbranche ist seit jeher ein beliebter Wirtschaftszweig f\u00fcr Geldw\u00e4scher, in dem illegale Eink\u00fcnfte und gewaschenes Geld gerne untergebracht werden. Immobilienmakler, Notare und weitere relevante Parteien sind gesetzlich dazu verpflichtet Ihre Kunden durch Kenne Deinen Kunden (KYC) Pr\u00fcfungen auf das Geldw\u00e4scherisiko zu pr\u00fcfen. Dieser Kurs: Geldw\u00e4schepr\u00e4vention im Immobiliensektor fokussiert sich auf die Implementierung von Anti-Geldw\u00e4schekonzepten im Immobiliensektor.<\/p>\n\n\n\n<p><\/p>\n\n\n\n<div class=\"wp-block-buttons is-content-justification-left is-layout-flex wp-block-buttons-is-layout-flex\">\n<div class=\"wp-block-button is-style-outline is-style-outline--1\"><a class=\"wp-block-button__link has-white-color has-text-color\" href=\"https:\/\/afc-academy.com\/de\/jetzt-platz-sichern\/\">JETZT LERNPLATZ SICHERN<\/a><\/div>\n<\/div>\n<\/div><\/div>\n<\/div><\/div>\n<\/div><\/div>\n\n<div class=\"wp-block-coblocks-accordion\">\n<div class=\"wp-block-coblocks-accordion-item\"><details open><summary class=\"wp-block-coblocks-accordion-item__title\"> What you\u2019ll learn<\/summary><div class=\"wp-block-coblocks-accordion-item__content\" tabindex=\"0\">\n<p>\u2022 Wie Geldw\u00e4scher den Immobilienmarkt zur Geldw\u00e4sche oder zur Platzierung illegaler Gelder misbrauchen<br\/>\u2022 Wie Anti-Geldw\u00e4sche Prozesse und Kenne Deinen Kunden (KYC) Pr\u00fcfungen an den Immobiliensektor angepasst werden sollten<br\/>\u2022 Ein \u00dcberblick von Geldw\u00e4scherisikofaktoren welche spezifisch im Immobliensektor auftreten<br\/>\u2022 Wie Unternehmen im Immobiliensektor den Geldw\u00e4scherichtlinien und dem Geldw\u00e4schegesetz gerecht werden<br\/>\u2022 Wie man Geldw\u00e4scherisiken auf ein minimum reduziert<\/p>\n<\/div><\/details><\/div>\n\n\n\n<div class=\"wp-block-coblocks-accordion-item\"><details open><summary class=\"wp-block-coblocks-accordion-item__title\">Intended audience<\/summary><div class=\"wp-block-coblocks-accordion-item__content\" tabindex=\"0\">\n<p>\u2022 Junior AML\/KYC Analysten, die Ihr Wissen in dem Bereich erweitern m\u00f6chten<br\/>\u2022 AML\/KYC Analysten in mittleren Positionen, die Ihr Wissen in dem Bereich erweitern m\u00f6chten<br\/>\u2022 Personen, die eine Karriere im Bereich der Anti-Geldw\u00e4sche im Immobiliensektor beginnen m\u00f6chten<br\/>\u2022 Gesch\u00e4ftsinhaber von Unternehmen im Immobiliensektor, die zur Einhaltung der Anti-Geldw\u00e4schevorschriften verpflichtet sind<br\/>\u2022 Personen, die in der Immobilienbranche t\u00e4tig sind<br\/>\u2022 Gr\u00fcnder, welche vorhaben ein Unternehmen im Immobiliensektor zu gr\u00fcnden<br\/>\u2022 Rechtsanw\u00e4lte und Notare, welche an Immobilientransaktionen teilhaben oder diese begleiten<\/p>\n<\/div><\/details><\/div>\n\n\n\n<div class=\"wp-block-coblocks-accordion-item\"><details open><summary class=\"wp-block-coblocks-accordion-item__title\">Course characteristics<\/summary><div class=\"wp-block-coblocks-accordion-item__content\" tabindex=\"0\">\n<figure class=\"wp-block-table is-style-tw-border-h\"><table class=\"has-fixed-layout\"><tbody><tr><td><strong>Inhalt<\/strong><\/td><td class=\"has-text-align-center\" data-align=\"center\"><strong>Standardkurs<\/strong><\/td><td class=\"has-text-align-center\" data-align=\"center\"><strong>Zertifizierter Kurs<\/strong><\/td><\/tr><tr><td>AFC-Lern-Nugget<\/td><td class=\"has-text-align-center\" data-align=\"center\">\u2713<\/td><td class=\"has-text-align-center\" data-align=\"center\">\u2713<\/td><\/tr><tr><td>Wissenschecks<\/td><td class=\"has-text-align-center\" data-align=\"center\">\u2713<\/td><td class=\"has-text-align-center\" data-align=\"center\">\u2713<\/td><\/tr><tr><td>Individuelles Lerntempo<\/td><td class=\"has-text-align-center\" data-align=\"center\">\u2713<\/td><td class=\"has-text-align-center\" data-align=\"center\">\u2713<\/td><\/tr><tr><td> Beispielf\u00e4lle aus der Praxis<\/td><td class=\"has-text-align-center\" data-align=\"center\">\u2713<\/td><td class=\"has-text-align-center\" data-align=\"center\">\u2713<\/td><\/tr><tr><td>Interaktive Aufgaben<\/td><td class=\"has-text-align-center\" data-align=\"center\">\u2713<\/td><td class=\"has-text-align-center\" data-align=\"center\">\u2713<\/td><\/tr><tr><td>24\/7 Zugang jederzeit und \u00fcberall<\/td><td class=\"has-text-align-center\" data-align=\"center\">\u2713<\/td><td class=\"has-text-align-center\" data-align=\"center\">\u2713<\/td><\/tr><tr><td> Auf dem neuesten Stand<\/td><td class=\"has-text-align-center\" data-align=\"center\">\u2713<\/td><td class=\"has-text-align-center\" data-align=\"center\">\u2713<\/td><\/tr><tr><td>Von Anti-Geldw\u00e4sche Experten entwickelte Kurse<\/td><td class=\"has-text-align-center\" data-align=\"center\">\u2713<\/td><td class=\"has-text-align-center\" data-align=\"center\">\u2713<\/td><\/tr><tr><td>Individuelles Zertifikat zur zertifizierung der Teilnehmer<\/td><td class=\"has-text-align-center\" data-align=\"center\"> \u2715<\/td><td class=\"has-text-align-center\" data-align=\"center\">\u2713<\/td><\/tr><tr><td>Tips zu bew\u00e4hrten Methoden<\/td><td class=\"has-text-align-center\" data-align=\"center\">\u2715<\/td><td class=\"has-text-align-center\" data-align=\"center\">\u2713<\/td><\/tr><tr><td>N\u00fctzliches Bonusmaterial zum Herunterladen<\/td><td class=\"has-text-align-center\" data-align=\"center\">\u2715<\/td><td class=\"has-text-align-center\" data-align=\"center\">\u2713<\/td><\/tr><tr><td>Bonus Exkurse<\/td><td class=\"has-text-align-center\" data-align=\"center\"> \u2715 <\/td><td class=\"has-text-align-center\" data-align=\"center\"> \u2713 <\/td><\/tr><tr><td>Live Q&amp;A Session mit einem unserer Kursleiter<\/td><td class=\"has-text-align-center\" data-align=\"center\">\u2715<\/td><td class=\"has-text-align-center\" data-align=\"center\">\u2713<\/td><\/tr><tr><td>Benotete Abschlusspr\u00fcfung<\/td><td class=\"has-text-align-center\" data-align=\"center\">\u2715<\/td><td class=\"has-text-align-center\" data-align=\"center\">\u2713<\/td><\/tr><\/tbody><\/table><\/figure><\/div><\/details><\/div>\n<\/div>\n\n<div class=\"wp-block-buttons is-layout-flex wp-block-buttons-is-layout-flex\">\n\n\n<div class=\"wp-block-button is-style-outline is-style-outline--2\"><a class=\"wp-block-button__link has-black-color has-text-color\" href=\"https:\/\/afc-academy.com\/de\/jetzt-platz-sichern\/\">JETZT LERNPLATZ SICHERN<\/a><\/div>\n\n\n\n<div class=\"wp-block-button is-style-outline is-style-outline--3\"><a class=\"wp-block-button__link has-white-background-color has-text-color has-background\" href=\"https:\/\/afc-academy.com\/trainings\/\" style=\"color:#d5d5d5\">ZUR\u00dcCK ZUR \u00dcBERSICHT<\/a><\/div>\n<\/div>\n\n<p>Die Geldw\u00e4schebek\u00e4mpfung in der Immobilienbranche ist ein wesentlicher Bestandteil der globalen Geldw\u00e4schebek\u00e4mpfung. Kriminelle Geldw\u00e4scher sind fortw\u00e4hrend auf der Suche nach neuen M\u00f6glichkeiten illegal erworbenes Geld zu waschen und letztlich legimite Investitionsm\u00f6glichkeiten daf\u00fcr zu finden. Der Erwerb von Immobilien und \u00e4hnlichen Verm\u00f6genswerten ist eine beliebte Form der Investition um die Einnahmen aus illegalen T\u00e4tigkeiten weiter zu verschleiern und zu diversifizieren. In der Vergangenheit war es oftmals m\u00f6glich Immobilien mit gro\u00dfen Mengen an Bargeld zu erwerben, ohne das die Quelle des Geldes hinterfragt wurde. Heutztage ist dies in den meisten L\u00e4ndern nicht mehr so einfach, nichtsdestotrotz kennen professionelle Geldw\u00e4scher die Situation genau und suchen nach M\u00f6glichkeiten das Geld unterhalb von relevanten Schwellenwerten in den \u00f6ffentlichen Finanzkreislauf zu integrieren.<br\/><br\/>Die Sensibilisierung zum Thema der Geldw\u00e4schebek\u00e4mpfung und das Aneignen von Grundkenntnissen ist f\u00fcr alle Parteien besonders wichtig um das Geldw\u00e4scherisiko zu minimieren. Dies betrifft vor allem Rechtsanw\u00e4lte, Notare und Immobilienmakler. Das Bewusstsein f\u00fcr Risikoindikatoren und die Ekennung von Geldw\u00e4schepraktiken, denen dann weiter nachgegangen wird, ist von entscheidender Bedeutung, um sicherzustellen, dass illegale Gelder aus der Immobilienwirtschaft ferngehalten werden.<br\/><br\/>Es ist nicht notwendig, in jeder Anwaltskanzlei eine Abteilung f\u00fcr Geldw\u00e4schebek\u00e4mpfung (AML) und Kenne Deinen Kunden (KYC) einzurichten, jedoch kann allein durch regelm\u00e4\u00dfige Schulungen und Sensibilisierung f\u00fcr das Thema das Risiko erheblich verringert werden. Auf diese Weise k\u00f6nnen zur Geldw\u00e4schebek\u00e4mpfung verpflichtete Unternehmen die von der Finanzaufsichtsbeh\u00f6rde auferlegten Vorschriften einhalten.<br\/><br\/><strong>Privatpersonen<\/strong><\/p>\n\n<p>Helfen Sie uns bei der Geldw\u00e4schebek\u00e4mpfung? Durch Ihre Unterst\u00fctzung kann der Misbrauch des Immobiliensektors durch Geldw\u00e4scher effektiv verhindert werden und somit ein sicheres und innovatives Umfeld f\u00fcr alle sichergestellt werden. Dieser zertifizierte Kurs bereitet Sie auf die Grundlegenden Schritte und relevante Geldw\u00e4scherisiken im Immobilienmarkt vor.<\/p>\n\n<p><strong>Unternehmensinhaber<\/strong><\/p>\n\n<p>Stellen Sie sicher, dass Ihr Unternehmen oder Ihre Einrichtung die Geldw\u00e4schevorschriften einh\u00e4lt, um Geldstrafen und andere Einschr\u00e4nkungen zu vermeiden, damit Sie sich ganz auf die Optimierung und den Vertrieb Ihrer Produkte und Dienstleistungen konzentrieren k\u00f6nnen. Geschulte Mitarbeiter k\u00f6nnen die Effektivit\u00e4t erh\u00f6hen und die Kosten f\u00fcr die Durchf\u00fchrung der erforderlichen Geldw\u00e4schekontrollen und der laufenden \u00dcberwachung senken. Von der AFC Academy zertifizierte Mitarbeiter sind sofort einsatzbereit und ersparen Ihnen viel Zeit und M\u00fche bei den fortlaufenden Bem\u00fchungen in der Geldw\u00e4schebek\u00e4mpfung.<\/p>\n","protected":false},"excerpt":{"rendered":"<p>Die Geldw\u00e4schebek\u00e4mpfung in der Immobilienbranche ist ein wesentlicher Bestandteil der globalen Geldw\u00e4schebek\u00e4mpfung. Kriminelle Geldw\u00e4scher sind fortw\u00e4hrend auf der Suche nach neuen M\u00f6glichkeiten illegal erworbenes Geld zu waschen und letztlich legimite Investitionsm\u00f6glichkeiten daf\u00fcr zu finden. Der Erwerb von Immobilien und \u00e4hnlichen Verm\u00f6genswerten ist eine beliebte Form der Investition um die Einnahmen aus illegalen T\u00e4tigkeiten weiter zu&hellip; <a class=\"more-link\" href=\"https:\/\/afc-academy.com\/de\/geldwaschepravention-im-immobiliensektor-trainingskurs-jetzt-zertifizieren-lassen\/\"><span class=\"screen-reader-text\">Geldw\u00e4schepr\u00e4vention Im Immobiliensektor Trainingskurs &#8211; jetzt zertifizieren lassen<\/span> weiterlesen<\/a><\/p>\n","protected":false},"author":5,"featured_media":0,"parent":0,"menu_order":0,"comment_status":"closed","ping_status":"closed","template":"","meta":{"_coblocks_attr":"","_coblocks_dimensions":"","_coblocks_responsive_height":"","_coblocks_accordion_ie_support":"","_uag_custom_page_level_css":"","footnotes":""},"wf_page_folders":[12],"class_list":["post-2660","page","type-page","status-publish","hentry","entry"],"uagb_featured_image_src":{"full":false,"thumbnail":false,"medium":false,"medium_large":false,"large":false,"1536x1536":false,"2048x2048":false,"post-thumbnail":false},"uagb_author_info":{"display_name":"Jessica Krenzer","author_link":"https:\/\/afc-academy.com\/de\/author\/jessica\/"},"uagb_comment_info":0,"uagb_excerpt":"Die Geldw\u00e4schebek\u00e4mpfung in der Immobilienbranche ist ein wesentlicher Bestandteil der globalen Geldw\u00e4schebek\u00e4mpfung. Kriminelle Geldw\u00e4scher sind fortw\u00e4hrend auf der Suche nach neuen M\u00f6glichkeiten illegal erworbenes Geld zu waschen und letztlich legimite Investitionsm\u00f6glichkeiten daf\u00fcr zu finden. Der Erwerb von Immobilien und \u00e4hnlichen Verm\u00f6genswerten ist eine beliebte Form der Investition um die Einnahmen aus illegalen T\u00e4tigkeiten weiter zu&hellip;&hellip;","_links":{"self":[{"href":"https:\/\/afc-academy.com\/de\/wp-json\/wp\/v2\/pages\/2660","targetHints":{"allow":["GET"]}}],"collection":[{"href":"https:\/\/afc-academy.com\/de\/wp-json\/wp\/v2\/pages"}],"about":[{"href":"https:\/\/afc-academy.com\/de\/wp-json\/wp\/v2\/types\/page"}],"author":[{"embeddable":true,"href":"https:\/\/afc-academy.com\/de\/wp-json\/wp\/v2\/users\/5"}],"replies":[{"embeddable":true,"href":"https:\/\/afc-academy.com\/de\/wp-json\/wp\/v2\/comments?post=2660"}],"version-history":[{"count":1,"href":"https:\/\/afc-academy.com\/de\/wp-json\/wp\/v2\/pages\/2660\/revisions"}],"predecessor-version":[{"id":2661,"href":"https:\/\/afc-academy.com\/de\/wp-json\/wp\/v2\/pages\/2660\/revisions\/2661"}],"wp:attachment":[{"href":"https:\/\/afc-academy.com\/de\/wp-json\/wp\/v2\/media?parent=2660"}],"wp:term":[{"taxonomy":"wf_page_folders","embeddable":true,"href":"https:\/\/afc-academy.com\/de\/wp-json\/wp\/v2\/wf_page_folders?post=2660"}],"curies":[{"name":"wp","href":"https:\/\/api.w.org\/{rel}","templated":true}]}}