{"id":2657,"date":"2022-01-24T13:09:11","date_gmt":"2022-01-24T12:09:11","guid":{"rendered":"https:\/\/afc-academy.com\/anti-geldwasche-training-grundlagen-jetzt-zertifizieren-lassen\/"},"modified":"2022-02-25T08:48:01","modified_gmt":"2022-02-25T07:48:01","slug":"anti-geldwasche-training-grundlagen-jetzt-zertifizieren-lassen","status":"publish","type":"page","link":"https:\/\/afc-academy.com\/de\/anti-geldwasche-training-grundlagen-jetzt-zertifizieren-lassen\/","title":{"rendered":"Anti-Geldw\u00e4sche Training: Grundlagen &#8211; Jetzt Zertifizieren Lassen"},"content":{"rendered":"\n<div class=\"wp-block-coblocks-row alignfull coblocks-row-8913538100\" data-columns=\"1\" data-layout=\"100\"><div class=\"wp-block-coblocks-row__inner has-no-padding has-no-margin is-stacked-on-mobile has-medium-gutter\">\n<div class=\"wp-block-coblocks-column coblocks-column-8913552629\" style=\"width:100%\"><div class=\"wp-block-coblocks-column__inner has-no-padding has-no-margin\">\n<div class=\"wp-block-cover alignfull is-light has-background-dim-40 has-background-dim\" style=\"min-height:507px;aspect-ratio:unset;\"><span aria-hidden=\"true\" class=\"has-background-dim-40 wp-block-cover__gradient-background has-background-dim\"><\/span><img loading=\"lazy\" decoding=\"async\" width=\"562\" height=\"361\" sizes=\"auto, (max-width: 799px) 200vw,(max-width: 562px) 100vw,562px\" class=\"wp-block-cover__image-background wp-image-2553\" alt=\"\" src=\"https:\/\/afc-academy.com\/wp-content\/uploads\/2021\/09\/AML-14.png\" data-object-fit=\"cover\" srcset=\"https:\/\/afc-academy.com\/wp-content\/uploads\/2021\/09\/AML-14.png 562w, https:\/\/afc-academy.com\/wp-content\/uploads\/2021\/09\/AML-14-300x193.png 300w\" \/><div class=\"wp-block-cover__inner-container is-layout-flow wp-block-cover-is-layout-flow\">\n<h2 class=\"wp-block-heading\" id=\"anti-geldwasche-training-grundlagen\">ANTI-GELDW\u00c4SCHE TRAINING: GRUNDLAGEN<\/h2>\n\n\n\n<p>Die Geldw\u00e4schebek\u00e4mpfung ist ein wichtiges Thema f\u00fcr Finanzinstitute und sonstiger Unternehmen, welche gesetzlich zur Geldw\u00e4schebek\u00e4mpfung verpflichtet sind. Der globale Kampf gegen die Geldw\u00e4sche erfordert von Finanzistituten und regulierten Unternehmen die Einhaltung verschiedener verpflichtender Standards und Regelungen im Bezug auf die Geldw\u00e4schebek\u00e4mpfung. Dies beinhaltet unter anderem die Identifikation und Verifizierung von Kunden, die Ermittlung von wirtschaftlich Berechtigten, die \u00dcberwachung aller Transaktionen und vieles mehr. Dieser Anti-Geldw\u00e4sche Kurs vermittelt die grundlegenden Prinzipien und ent\u00e4hlt einen umfassenden Einblick in alle Aspekte der Geldw\u00e4schebek\u00e4mpfung.<\/p>\n\n\n\n<p><\/p>\n\n\n\n<div class=\"wp-block-buttons is-horizontal is-content-justification-left is-layout-flex wp-container-core-buttons-is-layout-20be11b6 wp-block-buttons-is-layout-flex\">\n<div class=\"wp-block-button is-style-outline is-style-outline--1\"><a class=\"wp-block-button__link has-white-color has-text-color\" href=\"https:\/\/courses.afc-academy.com\/courses\/3c1e4d87-e5f0-4ab9-ba7c-2bbd981f044f\">ZERTIFIZERTEN KURS KAUFEN<\/a><\/div>\n\n\n\n<div class=\"wp-block-button is-style-outline is-style-outline--2\"><a class=\"wp-block-button__link has-white-color has-text-color\" href=\"https:\/\/courses.afc-academy.com\/courses\/19384b2f-0d5b-472f-9619-4fb806747658\">STANDARDKURS KAUFEN<\/a><\/div>\n<\/div>\n<\/div><\/div>\n<\/div><\/div>\n<\/div><\/div>\n\n\n\n<div class=\"wp-block-coblocks-accordion\">\n<div class=\"wp-block-coblocks-accordion-item\"><details open><summary class=\"wp-block-coblocks-accordion-item__title\">Lerninhalte<\/summary><div class=\"wp-block-coblocks-accordion-item__content\" tabindex=\"0\">\n<p>\u2022 Die Geschichte der Geldw\u00e4sche und was Geldw\u00e4sche essenziell ist<br>\u2022 Grundprinzipien der Geldw\u00e4sche<br>\u2022 Wie Geldw\u00e4sche bek\u00e4mpft werden kann<br>\u2022 Konsequenzen der nicht-Einhaltung von Anti-Geldw\u00e4sche Richtlinien und der gesetzlichen Vorgaben der Geldw\u00e4schebek\u00e4mpfung<br>\u2022 Verschiedene Anti-Geldw\u00e4schekonzepte und Geldw\u00e4scherisikofaktoren<br>\u2022 Sanktionen und Embargos<br>\u2022 L\u00e4nderrisiken<br>\u2022 Screening<br> \u2022 Politisch exponierte Peronen (PEP)<br> \u2022 Negativschlagzeilen<br>\u2022 Kenne Deinen Kunden (KYC)<br>\u2022 Transaktions\u00fcberwachung<\/p>\n<\/div><\/details><\/div>\n\n\n\n<div class=\"wp-block-coblocks-accordion-item\"><details open><summary class=\"wp-block-coblocks-accordion-item__title\">Zielgruppe<\/summary><div class=\"wp-block-coblocks-accordion-item__content\" tabindex=\"0\">\n<p>\u2022 Personen, welche eine berufliche Ver\u00e4nderung in den Bereich der Geldw\u00e4schebek\u00e4mpfung und Verhinderung von Finanzkriminalit\u00e4t anstreben<br>\u2022 Junior AML\/KYC Analysten<br>\u2022 Anti-Geldw\u00e4sche (AML\/KYC) Analysten in mittleren Positionen<br>\u2022 Personen, die eine Karriere im Bereich der Anti-Geldw\u00e4sche beginnen m\u00f6chten<br>\u2022 Personen, die Ihre Karriere im Bereich der Anti-Geldw\u00e4sche bekr\u00e4ftigen m\u00f6chten<br>\u2022 Gesch\u00e4ftsinhaber von Unternehmen, die zur Einhaltung der Anti-Geldw\u00e4schevorschriften verpflichtet sind<br>\u2022 Gesch\u00e4ftsinhaber, welche den Wissenstand im Bereich Anti-Geldw\u00e4sche in Belegschaft erh\u00f6hen m\u00f6chten<\/p>\n<\/div><\/details><\/div>\n\n\n\n<div class=\"wp-block-coblocks-accordion-item\"><details open><summary class=\"wp-block-coblocks-accordion-item__title\">Kursmerkmale<\/summary><div class=\"wp-block-coblocks-accordion-item__content\" tabindex=\"0\">\n<figure class=\"wp-block-table is-style-tw-border-h\"><table class=\"has-fixed-layout\"><tbody><tr><td><strong>Inhalt<\/strong><\/td><td class=\"has-text-align-center\" data-align=\"center\"><strong>Standardkurs<\/strong><\/td><td class=\"has-text-align-center\" data-align=\"center\"><strong>Zertifizierter Kurs<\/strong><\/td><\/tr><tr><td>AFC-Lern-Nuggets<\/td><td class=\"has-text-align-center\" data-align=\"center\">\u2713<\/td><td class=\"has-text-align-center\" data-align=\"center\">\u2713<\/td><\/tr><tr><td>Wissenschecks<\/td><td class=\"has-text-align-center\" data-align=\"center\">\u2713<\/td><td class=\"has-text-align-center\" data-align=\"center\">\u2713<\/td><\/tr><tr><td>Individuelles Lerntempo<\/td><td class=\"has-text-align-center\" data-align=\"center\">\u2713<\/td><td class=\"has-text-align-center\" data-align=\"center\">\u2713<\/td><\/tr><tr><td> Beispielf\u00e4lle aus der Praxis<\/td><td class=\"has-text-align-center\" data-align=\"center\">\u2713<\/td><td class=\"has-text-align-center\" data-align=\"center\">\u2713<\/td><\/tr><tr><td>Interaktive Aufgaben<\/td><td class=\"has-text-align-center\" data-align=\"center\">\u2713<\/td><td class=\"has-text-align-center\" data-align=\"center\">\u2713<\/td><\/tr><tr><td>24\/7 Zugang jederzeit und \u00fcberall<\/td><td class=\"has-text-align-center\" data-align=\"center\">\u2713<\/td><td class=\"has-text-align-center\" data-align=\"center\">\u2713<\/td><\/tr><tr><td> Auf dem neuesten Stand<\/td><td class=\"has-text-align-center\" data-align=\"center\">\u2713<\/td><td class=\"has-text-align-center\" data-align=\"center\">\u2713<\/td><\/tr><tr><td>Von Anti-Geldw\u00e4sche Experten entwickelte Kurse<\/td><td class=\"has-text-align-center\" data-align=\"center\">\u2713<\/td><td class=\"has-text-align-center\" data-align=\"center\">\u2713<\/td><\/tr><tr><td>Individuelles Zertifikat<\/td><td class=\"has-text-align-center\" data-align=\"center\"> \u2715<\/td><td class=\"has-text-align-center\" data-align=\"center\">\u2713<\/td><\/tr><tr><td>Tips zu bew\u00e4hrten Methoden<\/td><td class=\"has-text-align-center\" data-align=\"center\">\u2715<\/td><td class=\"has-text-align-center\" data-align=\"center\">\u2713<\/td><\/tr><tr><td>N\u00fctzliches Bonusmaterial zum herunterladen<\/td><td class=\"has-text-align-center\" data-align=\"center\">\u2715<\/td><td class=\"has-text-align-center\" data-align=\"center\">\u2713<\/td><\/tr><tr><td>Bonus Exkurse<\/td><td class=\"has-text-align-center\" data-align=\"center\"> \u2715 <\/td><td class=\"has-text-align-center\" data-align=\"center\"> \u2713 <\/td><\/tr><tr><td>Live Q&amp;A Session mit einem unserer Kursleiter<\/td><td class=\"has-text-align-center\" data-align=\"center\">\u2715<\/td><td class=\"has-text-align-center\" data-align=\"center\">\u2713<\/td><\/tr><tr><td>Benotete Abschlusspr\u00fcfung<\/td><td class=\"has-text-align-center\" data-align=\"center\">\u2715<\/td><td class=\"has-text-align-center\" data-align=\"center\">\u2713<\/td><\/tr><\/tbody><\/table><\/figure>\n<\/div><\/details><\/div>\n<\/div>\n\n\n\n<div class=\"wp-block-coblocks-pricing-table has-text-align-center\"><div class=\"wp-block-coblocks-pricing-table__inner has-columns has-2-columns has-responsive-columns has-medium-gutter\">\n<div class=\"wp-block-coblocks-pricing-table-item\"><span class=\"wp-block-coblocks-pricing-table-item__title\">Standardkurs<\/span><div class=\"wp-block-coblocks-pricing-table-item__price-wrapper\"><span class=\"wp-block-coblocks-pricing-table-item__currency\"> \u20ac<\/span><span class=\"wp-block-coblocks-pricing-table-item__amount\">170<\/span><\/div>\n<div class=\"wp-block-buttons is-layout-flex wp-block-buttons-is-layout-flex\">\n<div class=\"wp-block-button has-custom-width wp-block-button__width-100 is-style-outline is-style-outline--3\"><a class=\"wp-block-button__link has-black-color has-white-background-color has-text-color has-background\" href=\"https:\/\/courses.afc-academy.com\/courses\/19384b2f-0d5b-472f-9619-4fb806747658\" target=\"_blank\" rel=\"noreferrer noopener\">JETZT BUCHEN<\/a><\/div>\n\n\n\n<div class=\"wp-block-button has-custom-width wp-block-button__width-100 is-style-outline is-style-outline--4\"><a class=\"wp-block-button__link has-black-color has-white-background-color has-text-color has-background\" href=\"https:\/\/afc-academy.com\/wp-content\/uploads\/2021\/12\/AML-Essentials-Roadmap-Standard-Course.pdf\" target=\"_blank\" rel=\"noreferrer noopener\">KURSPLAN EINSEHEN<\/a><\/div>\n<\/div>\n<\/div>\n\n\n\n<div class=\"wp-block-coblocks-pricing-table-item\"><span class=\"wp-block-coblocks-pricing-table-item__title\">Zertifizierter Kurs<\/span><div class=\"wp-block-coblocks-pricing-table-item__price-wrapper\"><span class=\"wp-block-coblocks-pricing-table-item__currency\"> \u20ac<\/span><span class=\"wp-block-coblocks-pricing-table-item__amount\">240<\/span><\/div>\n<div class=\"wp-block-buttons is-layout-flex wp-block-buttons-is-layout-flex\">\n<div class=\"wp-block-button has-custom-width wp-block-button__width-100 is-style-outline is-style-outline--5\"><a class=\"wp-block-button__link has-black-color has-white-background-color has-text-color has-background\" href=\"https:\/\/courses.afc-academy.com\/courses\/3c1e4d87-e5f0-4ab9-ba7c-2bbd981f044f\" target=\"_blank\" rel=\"noreferrer noopener\">JETZT BUCHEN<\/a><\/div>\n\n\n\n<div class=\"wp-block-button has-custom-width wp-block-button__width-100 is-style-outline is-style-outline--6\"><a class=\"wp-block-button__link has-black-color has-white-background-color has-text-color has-background\" href=\"https:\/\/afc-academy.com\/wp-content\/uploads\/2021\/12\/AML-Essentials-Roadmap-Certified-Course.pdf\" target=\"_blank\" rel=\"noreferrer noopener\">KURSPLAN EINSEHEN<\/a><\/div>\n<\/div>\n<\/div>\n<\/div><\/div>\n\n\n\n<div class=\"wp-block-buttons is-layout-flex wp-block-buttons-is-layout-flex\">\n\n\n<div class=\"wp-block-button is-style-outline is-style-outline--7\"><a class=\"wp-block-button__link has-white-background-color has-text-color has-background\" href=\"https:\/\/afc-academy.com\/de\/online-anti-geldwaesche-kurse\/\" style=\"color:#d5d5d5\">ZUR\u00dcCK ZUR \u00dcBERSICHT<\/a><\/div>\n<\/div>\n\n\n\n<p>Die Geldw\u00e4sche ist ein globales Problem, welches sich insbesondere durch die Globalisierung weiter gewachsen ist. Der Finanzsektor inklusive des damit verbundenen Geldtransfers ist eine hochgradig internationalisierte und komplexe Branche. Internationale Regulierungsbeh\u00f6rden und globale Anti-Geldw\u00e4sche Institutionen arbeiten rege zusammen um Geldw\u00e4sche und weitere damit verbundene kriminelle Aktivit\u00e4ten auf ein Minimum zu reduzieren.<br><br>Die Methoden der Kriminellen sind sehr unterschiedlich und entwickeln sich st\u00e4ndig weiter, sowohl analog als auch digital. Es ist ein Katz-und-Maus-Spiel. Unser Anti-Geldw\u00e4sche Training bereitet Teilnehmer effektiv auf die Geldw\u00e4schebek\u00e4mpfung vor. Teilnehmer werden darauf vorbereitet Risikofaktoren entdecken und somit das Geldw\u00e4scherisiko minimieren zu k\u00f6nnen. Des weiteren werden wesentliche Punkte, welche zwecks Einhaltung der Regulatorik des Geldw\u00e4schegesetzes, erl\u00e4utert um die Einhaltung sicherzustellen.<br><br>Das Anti-Geldw\u00e4sche Training begleitet Teilnehmer durch die Geschichte der Geldw\u00e4sche, zu den Grundprinzipien der Geldw\u00e4sche bis hin zu Anti-geldw\u00e4schepraktiken und zuk\u00fcnftigen Trends. Dieses Anti-Geldw\u00e4sche bezieht sich auf historische Ereignisse, enth\u00e4lt interaktive Elemente und praxisnahe Aufgaben um Teilnehmer f\u00fcr das Tagesgesch\u00e4ft als KYC-Analyst vorzubereiten und einen unmittelbaren Transfer in den Berufsalltag zu realisieren. Praxisn\u00e4he und die Anwendbarkeit im Arbeitsalltag sind f\u00fcr uns immens wichtig und bilden einen wichtigen Bestandteil unseres Anti-Geldw\u00e4sche Trainingskonzepts.<br><br><strong>Privatpersonen<\/strong><\/p>\n\n\n\n<p>Helfen Sie uns bei der Geldw\u00e4schebek\u00e4mpfung? Durch Ihre Unterst\u00fctzung kann der Misbrauch des Finanzsystems durch Geldw\u00e4scher effektiv verhindert werden und somit ein sicheres und innovatives Umfeld f\u00fcr alle sichergestellt werden. Dieser zertifizierte Kurs bereitet Sie auf die Grundlegenden Schritte und relevante Risiken in der Geldw\u00e4schebek\u00e4mpfung vor. <\/p>\n\n\n\n<p><strong>Unternehmensinhaber<\/strong><\/p>\n\n\n\n<p>Stellen Sie sicher, dass Ihr Unternehmen oder Ihre Einrichtung die Geldw\u00e4schevorschriften einh\u00e4lt, um Geldstrafen und andere Einschr\u00e4nkungen zu vermeiden, damit Sie sich ganz auf die Optimierung und den Vertrieb Ihrer Produkte konzentrieren k\u00f6nnen. Geschulte Mitarbeiter k\u00f6nnen die Effektivit\u00e4t erh\u00f6hen und die Kosten f\u00fcr die Durchf\u00fchrung der erforderlichen Geldw\u00e4schekontrollen und der laufenden \u00dcberwachung senken. Von der AFC Academy zertifizierte Mitarbeiter sind sofort einsatzbereit und ersparen Ihnen viel Zeit und M\u00fche bei den fortlaufenden Bem\u00fchungen in der Geldw\u00e4schebek\u00e4mpfung.<\/p>\n\n\n\n<div class=\"wp-block-coblocks-pricing-table has-text-align-center\"><div class=\"wp-block-coblocks-pricing-table__inner has-columns has-2-columns has-responsive-columns has-medium-gutter\">\n\n<\/div><\/div>\n","protected":false},"excerpt":{"rendered":"<p>Die Geldw\u00e4sche ist ein globales Problem, welches sich insbesondere durch die Globalisierung weiter gewachsen ist. Der Finanzsektor inklusive des damit verbundenen Geldtransfers ist eine hochgradig internationalisierte und komplexe Branche. Internationale Regulierungsbeh\u00f6rden und globale Anti-Geldw\u00e4sche Institutionen arbeiten rege zusammen um Geldw\u00e4sche und weitere damit verbundene kriminelle Aktivit\u00e4ten auf ein Minimum zu reduzieren. Die Methoden der Kriminellen&hellip; <a class=\"more-link\" href=\"https:\/\/afc-academy.com\/de\/anti-geldwasche-training-grundlagen-jetzt-zertifizieren-lassen\/\"><span class=\"screen-reader-text\">Anti-Geldw\u00e4sche Training: Grundlagen &#8211; Jetzt Zertifizieren Lassen<\/span> weiterlesen<\/a><\/p>\n","protected":false},"author":1,"featured_media":0,"parent":0,"menu_order":0,"comment_status":"closed","ping_status":"closed","template":"","meta":{"_coblocks_attr":"","_coblocks_dimensions":"","_coblocks_responsive_height":"","_coblocks_accordion_ie_support":"","_uag_custom_page_level_css":"","footnotes":""},"wf_page_folders":[12],"class_list":["post-2657","page","type-page","status-publish","hentry","entry"],"uagb_featured_image_src":{"full":false,"thumbnail":false,"medium":false,"medium_large":false,"large":false,"1536x1536":false,"2048x2048":false,"post-thumbnail":false},"uagb_author_info":{"display_name":"Michele","author_link":"https:\/\/afc-academy.com\/de\/author\/michele\/"},"uagb_comment_info":0,"uagb_excerpt":"Die Geldw\u00e4sche ist ein globales Problem, welches sich insbesondere durch die Globalisierung weiter gewachsen ist. Der Finanzsektor inklusive des damit verbundenen Geldtransfers ist eine hochgradig internationalisierte und komplexe Branche. Internationale Regulierungsbeh\u00f6rden und globale Anti-Geldw\u00e4sche Institutionen arbeiten rege zusammen um Geldw\u00e4sche und weitere damit verbundene kriminelle Aktivit\u00e4ten auf ein Minimum zu reduzieren. Die Methoden der Kriminellen&hellip;&hellip;","_links":{"self":[{"href":"https:\/\/afc-academy.com\/de\/wp-json\/wp\/v2\/pages\/2657","targetHints":{"allow":["GET"]}}],"collection":[{"href":"https:\/\/afc-academy.com\/de\/wp-json\/wp\/v2\/pages"}],"about":[{"href":"https:\/\/afc-academy.com\/de\/wp-json\/wp\/v2\/types\/page"}],"author":[{"embeddable":true,"href":"https:\/\/afc-academy.com\/de\/wp-json\/wp\/v2\/users\/1"}],"replies":[{"embeddable":true,"href":"https:\/\/afc-academy.com\/de\/wp-json\/wp\/v2\/comments?post=2657"}],"version-history":[{"count":15,"href":"https:\/\/afc-academy.com\/de\/wp-json\/wp\/v2\/pages\/2657\/revisions"}],"predecessor-version":[{"id":3143,"href":"https:\/\/afc-academy.com\/de\/wp-json\/wp\/v2\/pages\/2657\/revisions\/3143"}],"wp:attachment":[{"href":"https:\/\/afc-academy.com\/de\/wp-json\/wp\/v2\/media?parent=2657"}],"wp:term":[{"taxonomy":"wf_page_folders","embeddable":true,"href":"https:\/\/afc-academy.com\/de\/wp-json\/wp\/v2\/wf_page_folders?post=2657"}],"curies":[{"name":"wp","href":"https:\/\/api.w.org\/{rel}","templated":true}]}}