{"id":2651,"date":"2022-01-21T15:47:35","date_gmt":"2022-01-21T14:47:35","guid":{"rendered":"https:\/\/afc-academy.com\/anti-geldwaesche-im-einzelhandel-jetzt-zertifizieren-lassen\/"},"modified":"2022-01-21T15:47:42","modified_gmt":"2022-01-21T14:47:42","slug":"anti-geldwaesche-im-einzelhandel-jetzt-zertifizieren-lassen","status":"publish","type":"page","link":"https:\/\/afc-academy.com\/de\/anti-geldwaesche-im-einzelhandel-jetzt-zertifizieren-lassen\/","title":{"rendered":"Anti-Geldw\u00e4sche im Einzelhandel &#8211; jetzt zertifizieren lassen"},"content":{"rendered":"\n<div class=\"wp-block-coblocks-row alignfull coblocks-row-8913538100\" data-columns=\"1\" data-layout=\"100\"><div class=\"wp-block-coblocks-row__inner has-no-padding has-no-margin is-stacked-on-mobile has-medium-gutter\">\n<div class=\"wp-block-coblocks-column coblocks-column-8913552629\" style=\"width:100%\"><div class=\"wp-block-coblocks-column__inner has-no-padding has-no-margin\">\n<div class=\"wp-block-cover alignfull has-background-dim-40 has-background-dim tw-stretched-link tw-hover-opacity\"><img loading=\"lazy\" decoding=\"async\" width=\"2560\" height=\"1440\" sizes=\"auto, (max-width: 799px) 200vw,(max-width: 2560px) 100vw,2560px\" class=\"wp-block-cover__image-background wp-image-2562\" alt=\"\" src=\"https:\/\/afc-academy.com\/wp-content\/uploads\/2021\/09\/Retail-scaled.jpg\" style=\"object-position:38% 0%\" data-object-fit=\"cover\" data-object-position=\"38% 0%\" srcset=\"https:\/\/afc-academy.com\/wp-content\/uploads\/2021\/09\/Retail-scaled.jpg 2560w, https:\/\/afc-academy.com\/wp-content\/uploads\/2021\/09\/Retail-300x169.jpg 300w, https:\/\/afc-academy.com\/wp-content\/uploads\/2021\/09\/Retail-1024x576.jpg 1024w, https:\/\/afc-academy.com\/wp-content\/uploads\/2021\/09\/Retail-768x432.jpg 768w, https:\/\/afc-academy.com\/wp-content\/uploads\/2021\/09\/Retail-1536x864.jpg 1536w, https:\/\/afc-academy.com\/wp-content\/uploads\/2021\/09\/Retail-2048x1152.jpg 2048w, https:\/\/afc-academy.com\/wp-content\/uploads\/2021\/09\/Retail-1568x882.jpg 1568w\" \/><div class=\"wp-block-cover__inner-container is-layout-flow wp-block-cover-is-layout-flow\">\n<h2 class=\"wp-block-heading\">ANTI-GELDW\u00c4SCHE IM EINZELHANDEL<\/h2>\n\n\n\n<p>Die Geld\u00e4schebek\u00e4mpfung (AML &#8211; Anti-Geldw\u00e4sche), welche \u00fcblicherweise von Finanzinstituten gefordert wird, verlagert sich auch vermehrt auf andere Branchen und Lebensbereiche. Kriminelle Geldw\u00e4scher sind fortw\u00e4hrend auf der Suche nach Alternativen um den Beh\u00f6rden zu entgehen und meiden daher stark regulierte Branchen. Daher k\u00f6nnen auch Einzelnh\u00e4ndler ausgenutzt werden um illegale Gelder zu waschen.   <\/p>\n\n\n\n<p><\/p>\n\n\n\n<div class=\"wp-block-buttons is-content-justification-left is-layout-flex wp-block-buttons-is-layout-flex\">\n<div class=\"wp-block-button is-style-outline is-style-outline--1\"><a class=\"wp-block-button__link has-white-color has-text-color\" href=\"https:\/\/afc-academy.com\/de\/jetzt-platz-sichern\/\">JETZT LERNPLATZ SICHERN<\/a><\/div>\n<\/div>\n<\/div><\/div>\n\n\n\n<p> <\/p>\n<\/div><\/div>\n<\/div><\/div>\n\n<div class=\"wp-block-coblocks-accordion\">\n<div class=\"wp-block-coblocks-accordion-item\"><details open><summary class=\"wp-block-coblocks-accordion-item__title\"> What you\u2019ll learn<\/summary><div class=\"wp-block-coblocks-accordion-item__content\" tabindex=\"0\">\n<p>\u2022 Wieso Ma\u00dfnahmen zur Geldw\u00e4schebek\u00e4mpfung erforderlich sind<br\/>\u2022 Wie erfolgreich ein Geldw\u00e4schepr\u00e4ventationsprogramm implementiert wird<br\/>\u2022 Wie effektiv interne Kontrollen eingef\u00fchrt werden<br\/>\u2022 Wie relevante Risikofaktoren erkennt werden um einen Risikobasierten Ansatz der Geldw\u00e4schebek\u00e4mpfung anzuwenden<br\/>\u2022 Wie eine effektive Anti-Geldw\u00e4scherichtlinie aussieht<br\/>\u2022 Wie Mitarbeiter auf das Thema Anti-Geldw\u00e4sche sensibilisiert werden und warum fortw\u00e4hrende Schulungen so wichtig sind<\/p>\n<\/div><\/details><\/div>\n\n\n\n<div class=\"wp-block-coblocks-accordion-item\"><details open><summary class=\"wp-block-coblocks-accordion-item__title\">Intended audience<\/summary><div class=\"wp-block-coblocks-accordion-item__content\" tabindex=\"0\">\n<p>\u2022 Junior AML\/KYC Analysten<br\/>\u2022 Personen, die eine Karriere im Bereich der Anti-Geldw\u00e4sche im Einzelhandel beginnen m\u00f6chten<br\/>\u2022 Inhaber von Einzelhandelsgesch\u00e4ften und deren Mitarbeiter<br\/>\u2022 Im Einzelhandel t\u00e4tige Personen<\/p>\n<\/div><\/details><\/div>\n\n\n\n<div class=\"wp-block-coblocks-accordion-item\"><details open><summary class=\"wp-block-coblocks-accordion-item__title\">Course characteristics<\/summary><div class=\"wp-block-coblocks-accordion-item__content\" tabindex=\"0\">\n<figure class=\"wp-block-table is-style-tw-border-h\"><table class=\"has-fixed-layout\"><tbody><tr><td><strong>Inhalt<\/strong><\/td><td class=\"has-text-align-center\" data-align=\"center\"><strong>Standardkurs<\/strong><\/td><td class=\"has-text-align-center\" data-align=\"center\"><strong>Zertifizierter Kurs<\/strong><\/td><\/tr><tr><td>AFC-Lern-Nugget<\/td><td class=\"has-text-align-center\" data-align=\"center\">\u2713<\/td><td class=\"has-text-align-center\" data-align=\"center\">\u2713<\/td><\/tr><tr><td>Wissenschecks<\/td><td class=\"has-text-align-center\" data-align=\"center\">\u2713<\/td><td class=\"has-text-align-center\" data-align=\"center\">\u2713<\/td><\/tr><tr><td>Individuelles Lerntempo<\/td><td class=\"has-text-align-center\" data-align=\"center\">\u2713<\/td><td class=\"has-text-align-center\" data-align=\"center\">\u2713<\/td><\/tr><tr><td> Beispielf\u00e4lle aus der Praxis<\/td><td class=\"has-text-align-center\" data-align=\"center\">\u2713<\/td><td class=\"has-text-align-center\" data-align=\"center\">\u2713<\/td><\/tr><tr><td>Interaktive Aufgaben<\/td><td class=\"has-text-align-center\" data-align=\"center\">\u2713<\/td><td class=\"has-text-align-center\" data-align=\"center\">\u2713<\/td><\/tr><tr><td>24\/7 Zugang jederzeit und \u00fcberall<\/td><td class=\"has-text-align-center\" data-align=\"center\">\u2713<\/td><td class=\"has-text-align-center\" data-align=\"center\">\u2713<\/td><\/tr><tr><td> Auf dem neuesten Stand<\/td><td class=\"has-text-align-center\" data-align=\"center\">\u2713<\/td><td class=\"has-text-align-center\" data-align=\"center\">\u2713<\/td><\/tr><tr><td>Von Anti-Geldw\u00e4sche Experten entwickelte Kurse<\/td><td class=\"has-text-align-center\" data-align=\"center\">\u2713<\/td><td class=\"has-text-align-center\" data-align=\"center\">\u2713<\/td><\/tr><tr><td>Individuelles Zertifikat zur zertifizierung der Teilnehmer<\/td><td class=\"has-text-align-center\" data-align=\"center\"> \u2715<\/td><td class=\"has-text-align-center\" data-align=\"center\">\u2713<\/td><\/tr><tr><td>Tips zu bew\u00e4hrten Methoden<\/td><td class=\"has-text-align-center\" data-align=\"center\">\u2715<\/td><td class=\"has-text-align-center\" data-align=\"center\">\u2713<\/td><\/tr><tr><td>N\u00fctzliches Bonusmaterial zum Herunterladen<\/td><td class=\"has-text-align-center\" data-align=\"center\">\u2715<\/td><td class=\"has-text-align-center\" data-align=\"center\">\u2713<\/td><\/tr><tr><td>Bonus Exkurse<\/td><td class=\"has-text-align-center\" data-align=\"center\"> \u2715 <\/td><td class=\"has-text-align-center\" data-align=\"center\"> \u2713 <\/td><\/tr><tr><td>Live Q&amp;A Session mit einem unserer Kursleiter<\/td><td class=\"has-text-align-center\" data-align=\"center\">\u2715<\/td><td class=\"has-text-align-center\" data-align=\"center\">\u2713<\/td><\/tr><tr><td>Benotete Abschlusspr\u00fcfung<\/td><td class=\"has-text-align-center\" data-align=\"center\">\u2715<\/td><td class=\"has-text-align-center\" data-align=\"center\">\u2713<\/td><\/tr><\/tbody><\/table><\/figure><\/div><\/details><\/div>\n<\/div>\n\n<div class=\"wp-block-buttons is-layout-flex wp-block-buttons-is-layout-flex\">\n\n\n<div class=\"wp-block-button is-style-outline is-style-outline--2\"><a class=\"wp-block-button__link has-black-color has-text-color\" href=\"https:\/\/afc-academy.com\/de\/jetzt-platz-sichern\/\">JETZT LERNPLATZ SICHERN<\/a><\/div>\n\n\n\n<div class=\"wp-block-button is-style-outline is-style-outline--3\"><a class=\"wp-block-button__link has-white-background-color has-text-color has-background\" href=\"https:\/\/afc-academy.com\/trainings\/\" style=\"color:#d5d5d5\">ZUR\u00dcCK ZUR \u00dcBERSICHT<\/a><\/div>\n<\/div>\n\n<p>Die Geldw\u00e4schebek\u00e4mpfung im Einzelhandel ist besonders f\u00fcr H\u00e4ndler mit hochwertigen Waren besondern wichtig, da insbesndere diese Waren das Ziel von professionellen Geldw\u00e4schern sind. Zum Beispiel:<br\/><br\/>\u2022 Juweliergesch\u00e4fte<br\/>\u2022 Antiquit\u00e4tenh\u00e4ndler<br\/>\u2022 Diamantenh\u00e4ndler<br\/>\u2022 Kunsth\u00e4ndler<br\/>\u2022 Sonstige H\u00e4ndler welche hochwertigen Waren verkaufen (Wert von &gt; 10.000 \u20ac)<br\/><br\/>Abgesehen von den oben genannten H\u00e4nldern mit hochwertigen Waren, k\u00f6nnen auch alle anderen Einzelh\u00e4ndler zur Geldw\u00e4sche ausgenutzt werden. Dies geschieht insbesondere durch die folgenden Finanzvehikel:<br\/><br\/>\u2022 Geschenk- und Gutscheinkarten<br\/>\u2022 Bank\u00fcberweisungen<br\/>\u2022 Debit- und Kreditkarten<br\/>\u2022 Bargeld<br\/><br\/>J\u00fcngste Beobachtungen von Geldw\u00e4schetrends haben gezeigt, dass insbesondere Geschenkkarten aufgrund ihrer Anonymit\u00e4t eine g\u00e4ngige Methode von Geldw\u00e4schern sind, um die Herkunft von Geldern zu verschleiern. Gro\u00dfe Einzelh\u00e4ndler k\u00f6nnen zur Bek\u00e4mpfung der Geldw\u00e4sche beitragen, indem sie die Methoden der Kriminellen verstehen und das Verst\u00e4ndnis dieser sch\u00e4rfen. So k\u00f6nnen Warnsignale und Indikatoren illegaler Aktivit\u00e4ten erkannt werden und den Beh\u00f6rden melden.<br\/><br\/>Dieser Anti-Geldw\u00e4sche im Einzelhandel Kurs bereitet Sie oder Ihr Team auf die Bek\u00e4mpfung der Geldw\u00e4sche vor und geht dabei speziell auf die Geldw\u00e4schebesonderheiten des Einzelhandels ein. Einfache L\u00f6sungen, z.B. eine Kombination aus automatisiertem und manuellem Screening und Hintergrund\u00fcberpr\u00fcfungen k\u00f6nnen das Geldw\u00e4scherisiko immens reduzieren. Dies ist auch mit geringen Kosten und Aufwand realisiertar. Als Einzelh\u00e4ndler ist es nicht erforderlich eine Anti-Gedw\u00e4scheabteilung einzurichten. Die Teilnahmer der Mitarbeiter an diesem Kurs reicht vollkommen aus um ein Grundverst\u00e4ndnis der Geldw\u00e4sche zu gewinnen und Risikofaktoren effizient erkennen zu k\u00f6nnen. Somit kann das Geldw\u00e4scherisiko bereits immens gesenkt werden.<br\/><br\/>Dieser zertifizierte Anti-Geldw\u00e4sche im Einzelhandel Kurs zeigt Ihren Kunden und dem Regulator, dass Sie aktiv zur Geldw\u00e4schebek\u00e4mpfung beitragen.<\/p>\n\n<p><strong>Privatpersonen<\/strong><\/p>\n\n<p>Helfen Sie uns bei der Geldw\u00e4schebek\u00e4mpfung? Durch Ihre Unterst\u00fctzung kann der Misbrauch des Einzelhandels durch Geldw\u00e4scher effektiv verhindert werden und somit ein sicheres und innovatives Einkaufsumfeld f\u00fcr alle sichergestellt werden. Unsere zertifizierten Kurse bereiten Sie auf die Besonderheiten der Geldw\u00e4scherisiken im Einzelhandel vor. <\/p>\n\n<p><strong>Unternehmensinhaber<\/strong><\/p>\n\n<p>Stellen Sie sicher, dass Ihr Unternehmen oder Ihre Einrichtung die Geldw\u00e4schevorschriften einh\u00e4lt, um Geldstrafen und andere Einschr\u00e4nkungen zu vermeiden, damit Sie sich ganz auf die Optimierung und den Vertrieb Ihres Produkts konzentrieren k\u00f6nnen. Geschulte Mitarbeiter k\u00f6nnen die Effektivit\u00e4t erh\u00f6hen und die Kosten f\u00fcr die Durchf\u00fchrung der erforderlichen Geldw\u00e4schekontrollen und der laufenden \u00dcberwachung senken. Die von der AFC Academy zertifizierten Mitarbeiter sind sofort einsatzbereit und ersparen Ihnen viel Zeit und M\u00fche bei den laufenden Bem\u00fchungen der Geldw\u00e4schebek\u00e4mpfung im Einzelhandel.<\/p>\n","protected":false},"excerpt":{"rendered":"<p>Die Geldw\u00e4schebek\u00e4mpfung im Einzelhandel ist besonders f\u00fcr H\u00e4ndler mit hochwertigen Waren besondern wichtig, da insbesndere diese Waren das Ziel von professionellen Geldw\u00e4schern sind. Zum Beispiel: \u2022 Juweliergesch\u00e4fte\u2022 Antiquit\u00e4tenh\u00e4ndler\u2022 Diamantenh\u00e4ndler\u2022 Kunsth\u00e4ndler\u2022 Sonstige H\u00e4ndler welche hochwertigen Waren verkaufen (Wert von &gt; 10.000 \u20ac) Abgesehen von den oben genannten H\u00e4nldern mit hochwertigen Waren, k\u00f6nnen auch alle anderen Einzelh\u00e4ndler&hellip; <a class=\"more-link\" href=\"https:\/\/afc-academy.com\/de\/anti-geldwaesche-im-einzelhandel-jetzt-zertifizieren-lassen\/\"><span class=\"screen-reader-text\">Anti-Geldw\u00e4sche im Einzelhandel &#8211; jetzt zertifizieren lassen<\/span> weiterlesen<\/a><\/p>\n","protected":false},"author":1,"featured_media":0,"parent":0,"menu_order":0,"comment_status":"closed","ping_status":"closed","template":"","meta":{"_coblocks_attr":"","_coblocks_dimensions":"","_coblocks_responsive_height":"","_coblocks_accordion_ie_support":"","_uag_custom_page_level_css":"","footnotes":""},"wf_page_folders":[12],"class_list":["post-2651","page","type-page","status-publish","hentry","entry"],"uagb_featured_image_src":{"full":false,"thumbnail":false,"medium":false,"medium_large":false,"large":false,"1536x1536":false,"2048x2048":false,"post-thumbnail":false},"uagb_author_info":{"display_name":"Michele","author_link":"https:\/\/afc-academy.com\/de\/author\/michele\/"},"uagb_comment_info":0,"uagb_excerpt":"Die Geldw\u00e4schebek\u00e4mpfung im Einzelhandel ist besonders f\u00fcr H\u00e4ndler mit hochwertigen Waren besondern wichtig, da insbesndere diese Waren das Ziel von professionellen Geldw\u00e4schern sind. Zum Beispiel: \u2022 Juweliergesch\u00e4fte\u2022 Antiquit\u00e4tenh\u00e4ndler\u2022 Diamantenh\u00e4ndler\u2022 Kunsth\u00e4ndler\u2022 Sonstige H\u00e4ndler welche hochwertigen Waren verkaufen (Wert von &gt; 10.000 \u20ac) Abgesehen von den oben genannten H\u00e4nldern mit hochwertigen Waren, k\u00f6nnen auch alle anderen Einzelh\u00e4ndler&hellip;&hellip;","_links":{"self":[{"href":"https:\/\/afc-academy.com\/de\/wp-json\/wp\/v2\/pages\/2651","targetHints":{"allow":["GET"]}}],"collection":[{"href":"https:\/\/afc-academy.com\/de\/wp-json\/wp\/v2\/pages"}],"about":[{"href":"https:\/\/afc-academy.com\/de\/wp-json\/wp\/v2\/types\/page"}],"author":[{"embeddable":true,"href":"https:\/\/afc-academy.com\/de\/wp-json\/wp\/v2\/users\/1"}],"replies":[{"embeddable":true,"href":"https:\/\/afc-academy.com\/de\/wp-json\/wp\/v2\/comments?post=2651"}],"version-history":[{"count":3,"href":"https:\/\/afc-academy.com\/de\/wp-json\/wp\/v2\/pages\/2651\/revisions"}],"predecessor-version":[{"id":2654,"href":"https:\/\/afc-academy.com\/de\/wp-json\/wp\/v2\/pages\/2651\/revisions\/2654"}],"wp:attachment":[{"href":"https:\/\/afc-academy.com\/de\/wp-json\/wp\/v2\/media?parent=2651"}],"wp:term":[{"taxonomy":"wf_page_folders","embeddable":true,"href":"https:\/\/afc-academy.com\/de\/wp-json\/wp\/v2\/wf_page_folders?post=2651"}],"curies":[{"name":"wp","href":"https:\/\/api.w.org\/{rel}","templated":true}]}}