{"id":2644,"date":"2022-01-20T15:41:15","date_gmt":"2022-01-20T14:41:15","guid":{"rendered":"https:\/\/afc-academy.com\/kyc-basiskurs\/"},"modified":"2022-02-25T08:46:57","modified_gmt":"2022-02-25T07:46:57","slug":"kyc-basiskurs","status":"publish","type":"page","link":"https:\/\/afc-academy.com\/de\/kyc-basiskurs\/","title":{"rendered":"Kenne Deinen Kunden Training &#8211; jetzt zertifizieren lassen"},"content":{"rendered":"\n<div class=\"wp-block-coblocks-row alignfull coblocks-row-8913538100\" data-columns=\"1\" data-layout=\"100\"><div class=\"wp-block-coblocks-row__inner has-no-padding has-no-margin is-stacked-on-mobile has-medium-gutter\">\n<div class=\"wp-block-coblocks-column coblocks-column-8913552629\" style=\"width:100%\"><div class=\"wp-block-coblocks-column__inner has-no-padding has-no-margin\">\n<div class=\"wp-block-cover alignfull has-background-dim-40 has-background-dim\" style=\"min-height:454px;aspect-ratio:unset;\"><span aria-hidden=\"true\" class=\"has-background-dim-40 wp-block-cover__gradient-background has-background-dim\"><\/span><img loading=\"lazy\" decoding=\"async\" width=\"2560\" height=\"1709\" sizes=\"auto, (max-width: 799px) 200vw,(max-width: 2560px) 100vw,2560px\" class=\"wp-block-cover__image-background wp-image-2565\" alt=\"\" src=\"https:\/\/afc-academy.com\/wp-content\/uploads\/2021\/09\/KYC-Basic-scaled.jpg\" data-object-fit=\"cover\" srcset=\"https:\/\/afc-academy.com\/wp-content\/uploads\/2021\/09\/KYC-Basic-scaled.jpg 2560w, https:\/\/afc-academy.com\/wp-content\/uploads\/2021\/09\/KYC-Basic-300x200.jpg 300w, https:\/\/afc-academy.com\/wp-content\/uploads\/2021\/09\/KYC-Basic-1024x684.jpg 1024w, https:\/\/afc-academy.com\/wp-content\/uploads\/2021\/09\/KYC-Basic-768x513.jpg 768w, https:\/\/afc-academy.com\/wp-content\/uploads\/2021\/09\/KYC-Basic-1536x1025.jpg 1536w, https:\/\/afc-academy.com\/wp-content\/uploads\/2021\/09\/KYC-Basic-2048x1367.jpg 2048w, https:\/\/afc-academy.com\/wp-content\/uploads\/2021\/09\/KYC-Basic-1568x1047.jpg 1568w\" \/><div class=\"wp-block-cover__inner-container is-layout-flow wp-block-cover-is-layout-flow\">\n<h2 class=\"wp-block-heading\" id=\"kenne-deinen-kunden-training-basiskurs\">Kenne Deinen Kunden Training &#8211; Basiskurs<\/h2>\n\n\n\n<p>Kenne deinen Kunden ist ein wesentlicher Bestandteil der Geldw\u00e4schebek\u00e4mpfung. Es ist wichtig den Vertragspartner zu analysieren um zu verstehen wer dieser Kunde ist und wer dahinter steckt. Im digitalen Zeitalter sind Betrug, Identit\u00e4tsdiebstahl und Geldw\u00e4sche nicht auszuschlie\u00dfen. Daher ist eine gr\u00fcndliche KYC-Pr\u00fcfung beim Kundenonboarding und auch kontinuierliche \u00dcberwachung auf Grundlage des Risikoprofils des Kunden essenziell um rechtskonform zu sein und Finanzkriminalit\u00e4t effektiv zu bek\u00e4mpfen.   <br><\/p>\n\n\n\n<p><\/p>\n\n\n\n<div class=\"wp-block-buttons is-horizontal is-content-justification-left is-layout-flex wp-container-core-buttons-is-layout-20be11b6 wp-block-buttons-is-layout-flex\">\n<div class=\"wp-block-button is-style-outline is-style-outline--1\"><a class=\"wp-block-button__link has-white-color has-text-color\" href=\"https:\/\/courses.afc-academy.com\/courses\/2a9d0012-49ed-4d84-ac34-d16b8ea339ce\">ZERTIFIZERTEN KURS KAUFEN<\/a><\/div>\n\n\n\n<div class=\"wp-block-button is-style-outline is-style-outline--2\"><a class=\"wp-block-button__link has-white-color has-text-color\" href=\"https:\/\/courses.afc-academy.com\/courses\/6d707bbf-3b8e-4149-9c2b-caeff5fcb9b8\">STANDARDKURS KAUFEN<\/a><\/div>\n<\/div>\n<\/div><\/div>\n<\/div><\/div>\n<\/div><\/div>\n\n\n\n<div class=\"wp-block-coblocks-accordion\">\n<div class=\"wp-block-coblocks-accordion-item\"><details open><summary class=\"wp-block-coblocks-accordion-item__title\">Lerninhalte<\/summary><div class=\"wp-block-coblocks-accordion-item__content\" tabindex=\"0\">\n<p>\u2022 Definition von Kenne deinen Kunden (KYC)<br>\u2022 der Risikobasierte Ansatz<br>\u2022 Allgemeine Sorgfaltspflichten und die korrekte Protokollierung<br>\u2022 Verschiedene Risikofaktoren<br>\u2022 Fortw\u00e4hrende Konten\u00fcberwachung<br>\u2022 Umgang mit Hochrisikokunden und der erweiterten Sorgfaltspflicht<\/p>\n<\/div><\/details><\/div>\n\n\n\n<div class=\"wp-block-coblocks-accordion-item\"><details open><summary class=\"wp-block-coblocks-accordion-item__title\">Zielgruppe<\/summary><div class=\"wp-block-coblocks-accordion-item__content\" tabindex=\"0\">\n<p>\u2022 Junior AML\/KYC Analysten<br>\u2022 Personen, die eine Karriere im Bereich der Anti-Geldw\u00e4sche beginnen m\u00f6chten<br>\u2022 Gesch\u00e4ftsinhaber von Unternehmen, die zur Einhaltung der Anti-Geldw\u00e4schevorschriften verpflichtet sind<\/p>\n<\/div><\/details><\/div>\n\n\n\n<div class=\"wp-block-coblocks-accordion-item\"><details open><summary class=\"wp-block-coblocks-accordion-item__title\">Kursmerkmale<\/summary><div class=\"wp-block-coblocks-accordion-item__content\" tabindex=\"0\">\n<figure class=\"wp-block-table is-style-tw-border-h\"><table class=\"has-fixed-layout\"><tbody><tr><td><strong>Inhalt<\/strong><\/td><td class=\"has-text-align-center\" data-align=\"center\"><strong>Standardkurs<\/strong><\/td><td class=\"has-text-align-center\" data-align=\"center\"><strong>Zertifizierter Kurs<\/strong><\/td><\/tr><tr><td>AFC-Lern-Nugget<\/td><td class=\"has-text-align-center\" data-align=\"center\">\u2713<\/td><td class=\"has-text-align-center\" data-align=\"center\">\u2713<\/td><\/tr><tr><td>Wissenschecks<\/td><td class=\"has-text-align-center\" data-align=\"center\">\u2713<\/td><td class=\"has-text-align-center\" data-align=\"center\">\u2713<\/td><\/tr><tr><td>Individuelles Lerntempo<\/td><td class=\"has-text-align-center\" data-align=\"center\">\u2713<\/td><td class=\"has-text-align-center\" data-align=\"center\">\u2713<\/td><\/tr><tr><td> Beispielf\u00e4lle aus der Praxis<\/td><td class=\"has-text-align-center\" data-align=\"center\">\u2713<\/td><td class=\"has-text-align-center\" data-align=\"center\">\u2713<\/td><\/tr><tr><td>Interaktive Aufgaben<\/td><td class=\"has-text-align-center\" data-align=\"center\">\u2713<\/td><td class=\"has-text-align-center\" data-align=\"center\">\u2713<\/td><\/tr><tr><td>24\/7 Zugang jederzeit und \u00fcberall<\/td><td class=\"has-text-align-center\" data-align=\"center\">\u2713<\/td><td class=\"has-text-align-center\" data-align=\"center\">\u2713<\/td><\/tr><tr><td> Auf dem neuesten Stand<\/td><td class=\"has-text-align-center\" data-align=\"center\">\u2713<\/td><td class=\"has-text-align-center\" data-align=\"center\">\u2713<\/td><\/tr><tr><td>Von Anti-Geldw\u00e4sche Experten entwickelte Kurse<\/td><td class=\"has-text-align-center\" data-align=\"center\">\u2713<\/td><td class=\"has-text-align-center\" data-align=\"center\">\u2713<\/td><\/tr><tr><td>Individuelles Zertifikat zur zertifizierung der Teilnehmer<\/td><td class=\"has-text-align-center\" data-align=\"center\"> \u2715<\/td><td class=\"has-text-align-center\" data-align=\"center\">\u2713<\/td><\/tr><tr><td>Tips zu bew\u00e4hrten Methoden<\/td><td class=\"has-text-align-center\" data-align=\"center\">\u2715<\/td><td class=\"has-text-align-center\" data-align=\"center\">\u2713<\/td><\/tr><tr><td>N\u00fctzliches Bonusmaterial zum Herunterladen<\/td><td class=\"has-text-align-center\" data-align=\"center\">\u2715<\/td><td class=\"has-text-align-center\" data-align=\"center\">\u2713<\/td><\/tr><tr><td>Bonus Exkurse<\/td><td class=\"has-text-align-center\" data-align=\"center\"> \u2715 <\/td><td class=\"has-text-align-center\" data-align=\"center\"> \u2713 <\/td><\/tr><tr><td>Live Q&amp;A Session mit einem unserer Kursleiter<\/td><td class=\"has-text-align-center\" data-align=\"center\">\u2715<\/td><td class=\"has-text-align-center\" data-align=\"center\">\u2713<\/td><\/tr><tr><td>Benotete Abschlusspr\u00fcfung<\/td><td class=\"has-text-align-center\" data-align=\"center\">\u2715<\/td><td class=\"has-text-align-center\" data-align=\"center\">\u2713<\/td><\/tr><\/tbody><\/table><\/figure>\n<\/div><\/details><\/div>\n<\/div>\n\n\n\n<div class=\"wp-block-buttons is-layout-flex wp-block-buttons-is-layout-flex\"><\/div>\n\n\n\n<div class=\"wp-block-coblocks-pricing-table has-text-align-center\"><div class=\"wp-block-coblocks-pricing-table__inner has-columns has-2-columns has-responsive-columns has-medium-gutter\">\n<div class=\"wp-block-coblocks-pricing-table-item\"><span class=\"wp-block-coblocks-pricing-table-item__title\">Standardkurs<\/span><div class=\"wp-block-coblocks-pricing-table-item__price-wrapper\"><span class=\"wp-block-coblocks-pricing-table-item__currency\">\u20ac<\/span><span class=\"wp-block-coblocks-pricing-table-item__amount\">170<\/span><\/div>\n<div class=\"wp-block-buttons is-layout-flex wp-block-buttons-is-layout-flex\">\n<div class=\"wp-block-button has-custom-width wp-block-button__width-100 is-style-outline is-style-outline--3\"><a class=\"wp-block-button__link has-black-color has-white-background-color has-text-color has-background\" href=\"https:\/\/courses.afc-academy.com\/courses\/6d707bbf-3b8e-4149-9c2b-caeff5fcb9b8\">JETZT BUCHEN<\/a><\/div>\n\n\n\n<div class=\"wp-block-button has-custom-width wp-block-button__width-100 is-style-outline is-style-outline--4\"><a class=\"wp-block-button__link has-black-color has-white-background-color has-text-color has-background\" href=\"https:\/\/afc-academy.com\/wp-content\/uploads\/2021\/11\/KYC-Basics-Roadmap-Standard-Course.pdf\" target=\"_blank\" rel=\"noreferrer noopener\">KURSPLAN EINSEHEN<\/a><\/div>\n<\/div>\n\n\n\n<div class=\"wp-block-buttons is-layout-flex wp-block-buttons-is-layout-flex\"><\/div>\n<\/div>\n\n\n\n<div class=\"wp-block-coblocks-pricing-table-item\"><span class=\"wp-block-coblocks-pricing-table-item__title\">Zertifizierter Kurs<\/span><div class=\"wp-block-coblocks-pricing-table-item__price-wrapper\"><span class=\"wp-block-coblocks-pricing-table-item__currency\">\u20ac<\/span><span class=\"wp-block-coblocks-pricing-table-item__amount\">240<\/span><\/div>\n<div class=\"wp-block-buttons is-layout-flex wp-block-buttons-is-layout-flex\">\n<div class=\"wp-block-button has-custom-width wp-block-button__width-100 is-style-outline is-style-outline--5\"><a class=\"wp-block-button__link has-black-color has-white-background-color has-text-color has-background\" href=\"https:\/\/courses.afc-academy.com\/courses\/2a9d0012-49ed-4d84-ac34-d16b8ea339ce\">JETZT BUCHEN<\/a><\/div>\n\n\n\n<div class=\"wp-block-button has-custom-width wp-block-button__width-100 is-style-outline is-style-outline--6\"><a class=\"wp-block-button__link has-black-color has-white-background-color has-text-color has-background\" href=\"https:\/\/afc-academy.com\/wp-content\/uploads\/2021\/11\/KYC-Basics-Roadmap-Certified-Course.pdf\" target=\"_blank\" rel=\"noreferrer noopener\">KURSPLAN EINSEHEN<\/a><\/div>\n<\/div>\n<\/div>\n<\/div><\/div>\n\n\n\n<div class=\"wp-block-buttons is-layout-flex wp-block-buttons-is-layout-flex\">\n<div class=\"wp-block-button is-style-outline is-style-outline--7\"><a class=\"wp-block-button__link has-white-background-color has-text-color has-background\" href=\"https:\/\/afc-academy.com\/de\/online-anti-geldwaesche-kurse\/\" style=\"color:#bebebe\">ZUR\u00dcCK ZUR \u00dcBERSICHT<\/a><\/div>\n\n\n<\/div>\n\n\n\n<p>Kenne Deinen Kunden (KYC) ist Teil der allgemeinen Sorgfaltspflichten. Es beinhaltet im wesentlichen die Identifizierung und Verifizierung des Kunden und der Kundendaten durch Finanzinstitute und sonstiger Unternehmen, welche zur Geldw\u00e4schebek\u00e4mpfung verpflichtet sind. Kenne Deinen Kunden (KYC) ist eine umfassende Pr\u00fcfung, die von der Einholung und \u00dcberpr\u00fcfung der Kundenstammdaten \u00fcber die Ermittlung des wirtschaftlichen Eigent\u00fcmers bis hin zur Geldw\u00e4scherisikoanalyse reicht. Ziel ist es potentielle Risiken effizient zu erkennen und eine endg\u00fcltige Entscheidung, den Fall freizugeben oder den Beh\u00fcrden zu melden, zu f\u00e4llen.<br><br>Risikofaktoren wie z.B. L\u00e4nderrisiko, Branchenrisiko, Gesellschaftsformrisiko, Vertriebskanalrisiko und das Produktrisiko werden ausf\u00fchrlich erl\u00e4utert und detailliert erkl\u00e4rt. Dieses Kenne Deinen Kunden Training beschreibt per se Risikofaktoren unter der Angabe von Beispielen. Z.B. politisch exponierte Personen (PEP), Inhaberaktien, Verbindungen zu Hochrisikol\u00e4ndern oder -branchen, Negativschlagzeilen oder Verbindung zu Virtuellen W\u00e4hrungn und Kryptow\u00e4hrungen. Des weiteren vermittelt dieses Kenne Deinen Kunden Training ein starkes Verst\u00e4ndnis der oben genannten Risikofaktoren und erm\u00f6glicht den Teilnehmern die Unterscheidung zwischen blo\u00dfen Risikoindikatoren und echten Geldw\u00e4scherisiken. Denn: Indikatoren, welche auf ein erh\u00f6htes Risiko deuten jedoch legitim sind und plausibel erkl\u00e4rt werden k\u00f6nnen, stellen dann kein Geldw\u00e4scherisiko mehr dar.<br><br>Dieses Kenne Deinen Kunden Training leitet die Teilnehmer in das Thema Know-Your-Customer (KYC) ein und f\u00fchrt Sie duch alle relevanten Schritte des KYC-Prozesses. Das Kenne Deinen Kunden Training ist praxisnah aufgebaut und der Lernweg wird von Fallstudien, Beispiele und interaktive Aufgaben begleitet. Praxisn\u00e4he und die Anwendbarkeit im Arbeitsalltag ist f\u00fcr uns immens wichtig. Daher erm\u00f6glicht es dieser Kurs den Teilnehmern nach Abschluss direkt mit Kenne Deinen Kunden Checks zu starten. F\u00fcr dier Bearbeitung von Hochrisikof\u00e4llen empfehlen wir die Teilnahme an unserem Kurs: Kenne Deinen Kunden Training &#8211; Fortgeschritten.<br><br><strong>Privatpersonen<\/strong><br><br>Helfen Sie uns bei der Geldw\u00e4schebek\u00e4mpfung? Durch Ihre Unterst\u00fctzung kann der Misbrauch des Einzelhandels durch Geldw\u00e4scher effektiv verhindert werden und somit ein sicheres und innovatives Umfeld f\u00fcr alle sichergestellt wird. Dieser zertifizierte Kurs bereiten Sie auf die Grundlegenden Schritte und Risiken in der Kenne Deinen Kunden (KYC) Fallbearbeitung vor.<br><br><strong>Unternehmensinhaber<\/strong><br><br>Stellen Sie sicher, dass Ihr Unternehmen oder Ihre Einrichtung die Geldw\u00e4schevorschriften einh\u00e4lt, um Geldstrafen und andere Einschr\u00e4nkungen zu vermeiden, damit Sie sich ganz auf die Optimierung und den Vertrieb Ihrer Produkte konzentrieren k\u00f6nnen. Geschulte Mitarbeiter k\u00f6nnen die Effektivit\u00e4t erh\u00f6hen und die Kosten f\u00fcr die Durchf\u00fchrung der erforderlichen Geldw\u00e4schekontrollen und der laufenden \u00dcberwachung senken. Die von der AFC Academy zertifizierten Mitarbeiter sind sofort einsatzbereit und ersparen Ihnen viel Zeit und M\u00fche bei den laufenden Bem\u00fchungen in der Geldw\u00e4schebek\u00e4mpfung.<\/p>\n","protected":false},"excerpt":{"rendered":"<p>Kenne Deinen Kunden (KYC) ist Teil der allgemeinen Sorgfaltspflichten. Es beinhaltet im wesentlichen die Identifizierung und Verifizierung des Kunden und der Kundendaten durch Finanzinstitute und sonstiger Unternehmen, welche zur Geldw\u00e4schebek\u00e4mpfung verpflichtet sind. Kenne Deinen Kunden (KYC) ist eine umfassende Pr\u00fcfung, die von der Einholung und \u00dcberpr\u00fcfung der Kundenstammdaten \u00fcber die Ermittlung des wirtschaftlichen Eigent\u00fcmers bis&hellip; <a class=\"more-link\" href=\"https:\/\/afc-academy.com\/de\/kyc-basiskurs\/\"><span class=\"screen-reader-text\">Kenne Deinen Kunden Training &#8211; jetzt zertifizieren lassen<\/span> weiterlesen<\/a><\/p>\n","protected":false},"author":5,"featured_media":0,"parent":0,"menu_order":0,"comment_status":"closed","ping_status":"closed","template":"","meta":{"_coblocks_attr":"","_coblocks_dimensions":"","_coblocks_responsive_height":"","_coblocks_accordion_ie_support":"","_uag_custom_page_level_css":"","footnotes":""},"wf_page_folders":[12],"class_list":["post-2644","page","type-page","status-publish","hentry","entry"],"uagb_featured_image_src":{"full":false,"thumbnail":false,"medium":false,"medium_large":false,"large":false,"1536x1536":false,"2048x2048":false,"post-thumbnail":false},"uagb_author_info":{"display_name":"Jessica Krenzer","author_link":"https:\/\/afc-academy.com\/de\/author\/jessica\/"},"uagb_comment_info":0,"uagb_excerpt":"Kenne Deinen Kunden (KYC) ist Teil der allgemeinen Sorgfaltspflichten. Es beinhaltet im wesentlichen die Identifizierung und Verifizierung des Kunden und der Kundendaten durch Finanzinstitute und sonstiger Unternehmen, welche zur Geldw\u00e4schebek\u00e4mpfung verpflichtet sind. Kenne Deinen Kunden (KYC) ist eine umfassende Pr\u00fcfung, die von der Einholung und \u00dcberpr\u00fcfung der Kundenstammdaten \u00fcber die Ermittlung des wirtschaftlichen Eigent\u00fcmers bis&hellip;&hellip;","_links":{"self":[{"href":"https:\/\/afc-academy.com\/de\/wp-json\/wp\/v2\/pages\/2644","targetHints":{"allow":["GET"]}}],"collection":[{"href":"https:\/\/afc-academy.com\/de\/wp-json\/wp\/v2\/pages"}],"about":[{"href":"https:\/\/afc-academy.com\/de\/wp-json\/wp\/v2\/types\/page"}],"author":[{"embeddable":true,"href":"https:\/\/afc-academy.com\/de\/wp-json\/wp\/v2\/users\/5"}],"replies":[{"embeddable":true,"href":"https:\/\/afc-academy.com\/de\/wp-json\/wp\/v2\/comments?post=2644"}],"version-history":[{"count":13,"href":"https:\/\/afc-academy.com\/de\/wp-json\/wp\/v2\/pages\/2644\/revisions"}],"predecessor-version":[{"id":3141,"href":"https:\/\/afc-academy.com\/de\/wp-json\/wp\/v2\/pages\/2644\/revisions\/3141"}],"wp:attachment":[{"href":"https:\/\/afc-academy.com\/de\/wp-json\/wp\/v2\/media?parent=2644"}],"wp:term":[{"taxonomy":"wf_page_folders","embeddable":true,"href":"https:\/\/afc-academy.com\/de\/wp-json\/wp\/v2\/wf_page_folders?post=2644"}],"curies":[{"name":"wp","href":"https:\/\/api.w.org\/{rel}","templated":true}]}}